{"id":497,"date":"2016-08-03T03:12:17","date_gmt":"2016-08-03T01:12:17","guid":{"rendered":"http:\/\/www.scuoladidatticasicura.it\/?page_id=497"},"modified":"2021-05-24T22:56:47","modified_gmt":"2021-05-24T20:56:47","slug":"diritto-di-recesso","status":"publish","type":"page","link":"https:\/\/www.scuoladidatticasicura.it\/index.php\/diritto-di-recesso\/","title":{"rendered":"Diritto di recesso"},"content":{"rendered":"<\/div><\/div><\/div><!-- close content main div --><\/div><\/div><div id='welcome' class='av-layout-grid-container entry-content-wrapper main_color av-fixed-cells    container_wrap sidebar_right'   >\n<div class=\"flex_cell no_margin av_one_fourth   av-zero-padding \" style='height:15px; min-height:15px;vertical-align:top; padding:0px; background-color:#1e7180; '><div class='flex_cell_inner' ><\/div><\/div><div class=\"flex_cell no_margin av_one_fourth   av-zero-padding \" style='height:15px; min-height:15px;vertical-align:top; padding:0px; background-color:#2997ab; '><div class='flex_cell_inner' ><\/div><\/div><div class=\"flex_cell no_margin av_one_fourth   av-zero-padding \" style='height:15px; min-height:15px;vertical-align:top; padding:0px; background-color:#95cbd5; '><div class='flex_cell_inner' ><\/div><\/div><div class=\"flex_cell no_margin av_one_fourth   av-zero-padding \" style='height:15px; min-height:15px;vertical-align:top; padding:0px; background-color:#cae4e9; '><div class='flex_cell_inner' ><\/div><\/div>\n<\/div>\n<\/div><\/div><\/div><!-- close content main div --><\/div><\/div><div id='av_section_1' class='avia-section main_color avia-section-default avia-no-shadow avia-bg-style-scroll   container_wrap sidebar_right' style = 'background-image: '  ><div class='container' ><div class='template-page content  av-content-small alpha units'><div class='post-entry post-entry-type-page post-entry-497'><div class='entry-content-wrapper clearfix'>\n<div style='padding-bottom:20px; font-size:50px;' class='av-special-heading av-special-heading-h1  blockquote modern-quote modern-centered   av-inherit-size '><h1 class='av-special-heading-tag '  itemprop=\"headline\"  >Diritto di recesso<\/h1><div class='special-heading-border'><div class='special-heading-inner-border' ><\/div><\/div><\/div>\n<div style='height:50px' class='hr hr-invisible  '><span class='hr-inner ' ><span class='hr-inner-style'><\/span><\/span><\/div>\n<section class=\"av_textblock_section \"  itemscope=\"itemscope\" itemtype=\"https:\/\/schema.org\/CreativeWork\" ><div class='avia_textblock  '   itemprop=\"text\" ><p>Informativa sul diritto di recesso<br \/>\nLei ha il diritto di recedere dal contratto in quanto sottoscritto in qualit\u00e0 di consumatore, senza indicare le ragioni, entro 14 giorni dalla data di iscrizione.<br \/>\nPer esercitare il diritto di recesso, Lei \u00e8 tenuto a informarci della Sua decisione di recedere dal contratto tramite una dichiarazione esplicita.al seguente indirizzo:<\/p>\n<p>Scuola Didattica Sicura S.r.l. &#8211; Via Sostegno n\u00b0 25 &#8211; 25124 Brescia &#8211; Tel.\u00a0030\/3451453 &#8211;<br \/>\nindirizzo email: info@scuoladidatticasicura.it<\/p>\n<p>Le consigliamo di inviare la comunicazione di recesso con lettera raccomandata AR.<br \/>\nA tal fine pu\u00f2 utilizzare il modulo tipo di recesso di seguito allegato, ma non \u00e8 obbligatorio. Per rispettare il termine di recesso, \u00e8 sufficiente che Lei invii la comunicazione relativa all&#8217;esercizio del diritto di recesso prima della scadenza del periodo di recesso.<\/p>\n<p>Effetti del recesso: se Lei recede dal contratto sottoscritto, Le saranno rimborsati tutti i pagamenti che ha effettuato a nostro favore, senza indebito ritardo e in ogni caso non oltre 14 giorni dal giorno in cui siamo informati della Sua decisione di recedere dal presente contratto.<\/p>\n<p>Modulo di recesso tipo<\/p>\n<p>Con la presente il sottoscritto ________________________________________________<\/p>\n<p>residente a _____________________________ in Via ____________________________<\/p>\n<p>notifica il recesso dal contratto di iscrizione n\u00b0 __________________________________<\/p>\n<p>Data: ________________________<\/p>\n<p>Firma del consumatore: _______________________________<\/p>\n<\/div><\/section>\n<\/div><\/div><\/div><!-- close content main div --><\/div><\/div><div id='after_section_1' class='main_color av_default_container_wrap container_wrap sidebar_right'   ><div class='container' ><div class='template-page content  av-content-small alpha units'><div class='post-entry post-entry-type-page post-entry-497'><div class='entry-content-wrapper clearfix'>\n","protected":false},"excerpt":{"rendered":"","protected":false},"author":1,"featured_media":0,"parent":0,"menu_order":0,"comment_status":"closed","ping_status":"closed","template":"","meta":[],"_links":{"self":[{"href":"https:\/\/www.scuoladidatticasicura.it\/index.php\/wp-json\/wp\/v2\/pages\/497"}],"collection":[{"href":"https:\/\/www.scuoladidatticasicura.it\/index.php\/wp-json\/wp\/v2\/pages"}],"about":[{"href":"https:\/\/www.scuoladidatticasicura.it\/index.php\/wp-json\/wp\/v2\/types\/page"}],"author":[{"embeddable":true,"href":"https:\/\/www.scuoladidatticasicura.it\/index.php\/wp-json\/wp\/v2\/users\/1"}],"replies":[{"embeddable":true,"href":"https:\/\/www.scuoladidatticasicura.it\/index.php\/wp-json\/wp\/v2\/comments?post=497"}],"version-history":[{"count":8,"href":"https:\/\/www.scuoladidatticasicura.it\/index.php\/wp-json\/wp\/v2\/pages\/497\/revisions"}],"predecessor-version":[{"id":719,"href":"https:\/\/www.scuoladidatticasicura.it\/index.php\/wp-json\/wp\/v2\/pages\/497\/revisions\/719"}],"wp:attachment":[{"href":"https:\/\/www.scuoladidatticasicura.it\/index.php\/wp-json\/wp\/v2\/media?parent=497"}],"curies":[{"name":"wp","href":"https:\/\/api.w.org\/{rel}","templated":true}]}}