{"id":253,"date":"2016-05-23T10:30:12","date_gmt":"2016-05-23T10:30:12","guid":{"rendered":"http:\/\/test.kriesi.at\/enfold-health-coach\/?page_id=253"},"modified":"2016-09-05T05:56:29","modified_gmt":"2016-09-05T03:56:29","slug":"about","status":"publish","type":"page","link":"https:\/\/www.scuoladidatticasicura.it\/index.php\/about\/","title":{"rendered":"Chi siamo"},"content":{"rendered":"<\/div><\/div><\/div><!-- close content main div --><\/div><\/div><div id='welcome' class='av-layout-grid-container entry-content-wrapper main_color av-fixed-cells    container_wrap sidebar_right'   >\n<div class=\"flex_cell no_margin av_one_fourth   av-zero-padding \" style='height:15px; min-height:15px;vertical-align:top; padding:0px; background-color:#1e7180; '><div class='flex_cell_inner' ><\/div><\/div><div class=\"flex_cell no_margin av_one_fourth   av-zero-padding \" style='height:15px; min-height:15px;vertical-align:top; padding:0px; background-color:#2997ab; '><div class='flex_cell_inner' ><\/div><\/div><div class=\"flex_cell no_margin av_one_fourth   av-zero-padding \" style='height:15px; min-height:15px;vertical-align:top; padding:0px; background-color:#95cbd5; '><div class='flex_cell_inner' ><\/div><\/div><div class=\"flex_cell no_margin av_one_fourth   av-zero-padding \" style='height:15px; min-height:15px;vertical-align:top; padding:0px; background-color:#cae4e9; '><div class='flex_cell_inner' ><\/div><\/div>\n<\/div>\n<\/div><\/div><\/div><!-- close content main div --><\/div><\/div><div id='hello' class='av-layout-grid-container entry-content-wrapper main_color av-flex-cells    container_wrap sidebar_right'   >\n<div class=\"flex_cell no_margin av_one_half   \" style='vertical-align:top; padding:100px; '><div class='flex_cell_inner' ><p><div style='padding-bottom:30px; font-size:70px;' class='av-special-heading av-special-heading-h1  blockquote modern-quote   av-inherit-size '><h1 class='av-special-heading-tag '  itemprop=\"headline\"  >Scuola <u>Sicura<\/u><\/h1><div class='special-heading-border'><div class='special-heading-inner-border' ><\/div><\/div><\/div><br \/>\n<section class=\"av_textblock_section \"  itemscope=\"itemscope\" itemtype=\"https:\/\/schema.org\/CreativeWork\" ><div class='avia_textblock  '   itemprop=\"text\" ><p>E&#8217; leader nella formazione professionale\u00a0in quanto\u00a0\u00e8 l&#8217;unica scuola in grado di svolgere l&#8217;attivit\u00e0 didattica in <b>qualunque citt\u00e0, paese o localit\u00e0<\/b> con corsi pratici di informatica tenuti da insegnanti preparati e disponibili, in grado di istruire, stimolare e motivare tutti coloro che si affidano a questo nuovo tipo di insegnamento, metodico e ordinato, dai risultati veramente straordinari.<\/p>\n<\/div><\/section><br \/>\n<div style='height:20px' class='hr hr-invisible  '><span class='hr-inner ' ><span class='hr-inner-style'><\/span><\/span><\/div><br \/>\n<section class=\"av_textblock_section \"  itemscope=\"itemscope\" itemtype=\"https:\/\/schema.org\/CreativeWork\" ><div class='avia_textblock  '  style='font-size:29px; '  itemprop=\"text\" ><p><span style=\"text-decoration: underline;\">Siamo un team di professionisti che guardiamo ai tuoi obiettivi. Ed insieme li raggiungiamo<\/span><\/p>\n<\/div><\/section><\/p>\n<\/div><\/div><div class=\"flex_cell no_margin av_one_half   avia-full-stretch \" style='background:url(https:\/\/www.scuoladidatticasicura.it\/wp-content\/uploads\/2016\/05\/chi_siamo_83447133_LARGE-1030x687.jpg) center left no-repeat scroll; vertical-align:top; padding:100px; background-color:#2997ab; '><div class='flex_cell_inner' ><\/div><\/div>\n<\/div>\n<\/div><\/div><\/div><!-- close content main div --><\/div><\/div><div id='av-layout-grid-3' class='av-layout-grid-container entry-content-wrapper main_color av-flex-cells    container_wrap sidebar_right'   >\n<div class=\"flex_cell no_margin av_one_half   avia-full-stretch av-zero-padding \" style='background:url(https:\/\/www.scuoladidatticasicura.it\/wp-content\/uploads\/2016\/05\/chi_siamo_84355401_LARGE-1030x676.jpg) center left no-repeat scroll; vertical-align:middle; padding:0px; '><div class='flex_cell_inner' ><\/div><\/div><div class=\"flex_cell no_margin av_one_half   avia-full-contain \" style='background:url(https:\/\/www.scuoladidatticasicura.it\/wp-content\/uploads\/2016\/05\/illustrazione_lezione_3-1-1030x893.jpg) bottom right no-repeat scroll; vertical-align:middle; padding:100px; '><div class='flex_cell_inner' ><p><div style='padding-bottom:20px; font-size:50px;' class='av-special-heading av-special-heading-h1  blockquote modern-quote   av-inherit-size '><h1 class='av-special-heading-tag '  itemprop=\"headline\"  >Il Nostro <u>Gruppo<\/u><\/h1><div class='special-heading-border'><div class='special-heading-inner-border' ><\/div><\/div><\/div><br \/>\n<section class=\"av_textblock_section \"  itemscope=\"itemscope\" itemtype=\"https:\/\/schema.org\/CreativeWork\" ><div class='avia_textblock  '   itemprop=\"text\" ><p>Le persone che compongono Scuola Sicura, sono erganizzate per garantirti l&#8217;efficienza <b>senza perdite di tempo e la migliore qualit\u00e0 di insegnamento<\/b>.<\/p>\n<ul>\n<li>STRUTTURA ORGANIZZATIVA: si occupa sia dei contatti con le autorit\u00e0 sia di dare tutte le informazioni sui nostri corsi in modo totalmente gratuito a chiunque le chieda anche direttamente a domicilio. Per ogni zona c&#8217;\u00e8 un team di persone che in maniera ciclica organizza i corsi secondo una programmazione annuale.<\/li>\n<li>STRUTTURA DIDATTICA: i nostri insegnanti distribuiti su tutto il territorio sono professionisti nelle materie e formati internamente a Scuola Sicura su quello che \u00e8 il metodo esclusivo di insegnamento.<\/li>\n<\/ul>\n<p>Gli insegnanti sono gestiti da RESPONSABILI DI ZONA che coordinano l&#8217;attivit\u00e0 generale di ogni provincia, dai rapporti diretti con gli studenti ai rapporti con le autorit\u00e0 del paese nonch\u00e9 controllano l&#8217;attivit\u00e0 generale di tutto il centro didattico organizzando anche le selezioni per i nuovi docenti.<br \/>\nA fianco dei suddetti troviamo i FORMATORI che si occupano sia dell&#8217;addestramento dei nuovi docenti sia dell&#8217; aggiornamento periodico di tutto il corpo insegnanti.<\/p>\n<\/div><\/section><\/p>\n<\/div><\/div><\/div><\/div><\/div><\/div><!-- close content main div --><\/div><\/div><div id='welcome' class='av-layout-grid-container entry-content-wrapper main_color av-fixed-cells    container_wrap sidebar_right'   >\n<div class=\"flex_cell no_margin av_one_fourth   av-zero-padding \" style='height:15px; min-height:15px;vertical-align:top; padding:0px; background-color:#1e7180; '><div class='flex_cell_inner' ><\/div><\/div><div class=\"flex_cell no_margin av_one_fourth   av-zero-padding \" style='height:15px; min-height:15px;vertical-align:top; padding:0px; background-color:#2997ab; '><div class='flex_cell_inner' ><\/div><\/div><div class=\"flex_cell no_margin av_one_fourth   av-zero-padding \" style='height:15px; min-height:15px;vertical-align:top; padding:0px; background-color:#95cbd5; '><div class='flex_cell_inner' ><\/div><\/div><div class=\"flex_cell no_margin av_one_fourth   av-zero-padding \" style='height:15px; min-height:15px;vertical-align:top; padding:0px; background-color:#cae4e9; '><div class='flex_cell_inner' ><\/div><\/div>\n<\/div><\/p>\n<\/div><\/div><\/div><!-- close content main div --><\/div><\/div><div id='av_section_1' class='avia-section main_color avia-section-huge avia-no-shadow avia-full-stretch av-section-color-overlay-active avia-bg-style-scroll   container_wrap sidebar_right' style = 'background-color: #2997ab; background-repeat: no-repeat; background-image: url(https:\/\/www.scuoladidatticasicura.it\/wp-content\/uploads\/2016\/05\/chi_siamo_39488426_LARGE.jpg);background-attachment: scroll; background-position: center center; ' data-section-bg-repeat='stretch' ><div class='av-section-color-overlay-wrap'><div class='av-section-color-overlay' style='opacity: 0.8; background-color: #2997ab; '><\/div><div class='container' ><div class='template-page content  av-content-small alpha units'><div class='post-entry post-entry-type-page post-entry-253'><div class='entry-content-wrapper clearfix'>\n<div style='padding-bottom:30px; color:#ffffff;font-size:70px;' class='av-special-heading av-special-heading-h1 custom-color-heading blockquote modern-quote modern-centered   av-inherit-size '><h1 class='av-special-heading-tag '  itemprop=\"headline\"  >Il Nostro Metodo<\/h1><div class='special-heading-border'><div class='special-heading-inner-border' style='border-color:#ffffff'><\/div><\/div><\/div>\n<div style='height:30px' class='hr hr-invisible  '><span class='hr-inner ' ><span class='hr-inner-style'><\/span><\/span><\/div>\n<div class='flex_column_table av-equal-height-column-flextable -flextable' ><div class=\"flex_column av_one_full  av-animated-generic fade-in  flex_column_table_cell av-equal-height-column av-align-top first  \" style='padding:40px; background-color:rgba(255,255,255,0.9); border-radius:0px; '><p><div style='padding-bottom:30px; color:#2997ab;font-size:70px;' class='av-special-heading av-special-heading-h3 custom-color-heading blockquote modern-quote   av-inherit-size '><h3 class='av-special-heading-tag '  itemprop=\"headline\"  >Il Corso<\/h3><div class='special-heading-border'><div class='special-heading-inner-border' style='border-color:#2997ab'><\/div><\/div><\/div><br \/>\n<div style='padding-bottom:0px; ' class='av-special-heading av-special-heading-h3  blockquote modern-quote   '><h3 class='av-special-heading-tag '  itemprop=\"headline\"  >Come funziona<\/h3><div class='special-heading-border'><div class='special-heading-inner-border' ><\/div><\/div><\/div><br \/>\n<section class=\"av_textblock_section \"  itemscope=\"itemscope\" itemtype=\"https:\/\/schema.org\/CreativeWork\" ><div class='avia_textblock  '   itemprop=\"text\" ><p>L&#8217;approccio al mondo informatico \u00e8 <b>essenzialmente pratico<\/b> e basato sul divertimento e sul gioco in un clima piacevole e stimolante. Anche per garantire questo clima di costante collaborazione ed interazione tra docente ed allievi, le classi sono a numero limitato: in questo modo ogni studente raggiunger\u00e0 al 100% l&#8217;obiettivo che si \u00e8 prefissato essendo seguito in maniera esclusiva dall&#8217;insegnante con la continua verifica delle corretta assimilazione della materia.<br \/>\nIl metodo utilizzato per l&#8217;apprendimento della materia \u00e8 molto semplice e conciliabile con gli impegni giornalieri di ogni persona.<br \/>\nSi tratta di 166 lezioni teorico pratiche complessive: ogni 10 lezioni pratiche, da effettuarsi autonomamente con l&#8217;ausilio di testi e sussidi didattici multimediali messi a disposizione dalla Scuola, \u00e8 impartita una lezione teorica della durata di due ore da svolgersi in classe insieme all&#8217;insegnante. In ogni lezione sono affrontati 10 argomenti in modo tale che nei successivi 10 giorni lavorativi, che precedono la successiva lezione, ogni studente possa assimilarli e svilupparli a casa.<\/p>\n<p>Gli argomenti sono poi sviluppati dallo studente prima della successiva lezione con il costante supporto dei libri di testo e dei cd multimediali. L&#8217;insegnante, tramite strumenti come le aule virtuali, potr\u00e0 verificare con l&#8217;allievo lo sviluppo del percorso informatico e la corretta assimilazione delle lezioni.<br \/>\nIl costante controllo dei progressi di apprendimento, prevede un test di verifica a met\u00e0 corso che andr\u00e0 a valorizzare i risultati conseguiti.<\/p>\n<\/div><\/section><br \/>\n<div style=' margin-top:30px; margin-bottom:30px;'  class='hr hr-custom hr-left hr-icon-no  '><span class='hr-inner   inner-border-av-border-fat' style=' width:50px;' ><span class='hr-inner-style'><\/span><\/span><\/div><br \/>\n<div style='padding-bottom:0px; ' class='av-special-heading av-special-heading-h3  blockquote modern-quote   '><h3 class='av-special-heading-tag '  itemprop=\"headline\"  >Gli insegnanti<\/h3><div class='special-heading-border'><div class='special-heading-inner-border' ><\/div><\/div><\/div><br \/>\n<section class=\"av_textblock_section \"  itemscope=\"itemscope\" itemtype=\"https:\/\/schema.org\/CreativeWork\" ><div class='avia_textblock  '   itemprop=\"text\" ><p>I nostri insegnanti sono laureati o tecnici specialisti, che hanno ricevuto una specifica formazione\u00a0 didattica. Il percorso di inserimento nel nostro organico per l\u2019insegnamento, pone molta attenzione non solo sulle competenze tecniche acquisite, ma sulle\u00a0 caratteristiche caratteriali ed umane del docente.<\/p>\n<\/div><\/section><br \/>\n<div style=' margin-top:30px; margin-bottom:30px;'  class='hr hr-custom hr-left hr-icon-no  '><span class='hr-inner   inner-border-av-border-thin' style=' width:50px;' ><span class='hr-inner-style'><\/span><\/span><\/div><br \/>\n<div style='padding-bottom:0px; ' class='av-special-heading av-special-heading-h3  blockquote modern-quote   '><h3 class='av-special-heading-tag '  itemprop=\"headline\"  >Materiale didattico<\/h3><div class='special-heading-border'><div class='special-heading-inner-border' ><\/div><\/div><\/div><br \/>\n<section class=\"av_textblock_section \"  itemscope=\"itemscope\" itemtype=\"https:\/\/schema.org\/CreativeWork\" ><div class='avia_textblock  '   itemprop=\"text\" ><p>E&#8217; sviluppato dal nostro settore sviluppo e\u00a0 diversificato, in funzione al percorso didattico. Ogni percorso didattico prevede diversi manuali e cd-rom con programmi didattici di supporto ai\u00a0 libri di testo.<br \/>\nOgni singolo manuale \u00e8 suddiviso in unit\u00e0 formative corredate di immagini ed esercizi, in maniera tale da fornire informazioni complete e costituire\u00a0 il naturale proseguo delle lezioni sviluppate in aula. I cd-rom didattici mettono a disposizione degli allievi anche alcuni video corsi, oltre a materiale di\u00a0 esercizi ed esercitazioni per lo svolgimento delle lezioni pratiche ed unit\u00e0 di progetto da svolgere autonomamente (a casa). Per i corsi di specializzazione, ove necessario,il materiale didattico della Scuola pu\u00f2 essere integrato con manuali specialistici in funzione della peculiarit\u00e0 degli argomenti che il singolo gruppo di studio intende, insieme al docente, sviluppare. Tutto il materiale didattico, resta\u00a0 alla fine del corso, in possesso dell\u2019allievo in modo da consentire una continua verifica delle competenze acquisite e la possibilit\u00e0,grazie al software didattico esclusivo,di consolidare ed approfondire le conoscenze in funzione delle singole necessit\u00e0.<\/p>\n<\/div><\/section><\/p><\/div><\/div><!--close column table wrapper. Autoclose: 1 -->\n<\/div><\/div><\/div><!-- close content main div --><\/div><\/div><\/div><div id='after_section_1' class='main_color av_default_container_wrap container_wrap sidebar_right'   ><div class='container' ><div class='template-page content  av-content-small alpha units'><div class='post-entry post-entry-type-page post-entry-253'><div class='entry-content-wrapper clearfix'>\n<\/div><\/div><\/div><!-- close content main div --><\/div><\/div><div id='welcome' class='av-layout-grid-container entry-content-wrapper main_color av-fixed-cells    container_wrap sidebar_right'   >\n<div class=\"flex_cell no_margin av_one_fourth   av-zero-padding \" style='height:15px; min-height:15px;vertical-align:top; padding:0px; background-color:#1e7180; '><div class='flex_cell_inner' ><\/div><\/div><div class=\"flex_cell no_margin av_one_fourth   av-zero-padding \" style='height:15px; min-height:15px;vertical-align:top; padding:0px; background-color:#2997ab; '><div class='flex_cell_inner' ><\/div><\/div><div class=\"flex_cell no_margin av_one_fourth   av-zero-padding \" style='height:15px; min-height:15px;vertical-align:top; padding:0px; background-color:#95cbd5; '><div class='flex_cell_inner' ><\/div><\/div><div class=\"flex_cell no_margin av_one_fourth   av-zero-padding \" style='height:15px; min-height:15px;vertical-align:top; padding:0px; background-color:#cae4e9; '><div class='flex_cell_inner' ><\/div><\/div>\n<\/div>\n","protected":false},"excerpt":{"rendered":"","protected":false},"author":1,"featured_media":0,"parent":0,"menu_order":0,"comment_status":"closed","ping_status":"closed","template":"","meta":[],"_links":{"self":[{"href":"https:\/\/www.scuoladidatticasicura.it\/index.php\/wp-json\/wp\/v2\/pages\/253"}],"collection":[{"href":"https:\/\/www.scuoladidatticasicura.it\/index.php\/wp-json\/wp\/v2\/pages"}],"about":[{"href":"https:\/\/www.scuoladidatticasicura.it\/index.php\/wp-json\/wp\/v2\/types\/page"}],"author":[{"embeddable":true,"href":"https:\/\/www.scuoladidatticasicura.it\/index.php\/wp-json\/wp\/v2\/users\/1"}],"replies":[{"embeddable":true,"href":"https:\/\/www.scuoladidatticasicura.it\/index.php\/wp-json\/wp\/v2\/comments?post=253"}],"version-history":[{"count":45,"href":"https:\/\/www.scuoladidatticasicura.it\/index.php\/wp-json\/wp\/v2\/pages\/253\/revisions"}],"predecessor-version":[{"id":631,"href":"https:\/\/www.scuoladidatticasicura.it\/index.php\/wp-json\/wp\/v2\/pages\/253\/revisions\/631"}],"wp:attachment":[{"href":"https:\/\/www.scuoladidatticasicura.it\/index.php\/wp-json\/wp\/v2\/media?parent=253"}],"curies":[{"name":"wp","href":"https:\/\/api.w.org\/{rel}","templated":true}]}}